{"id":278,"date":"2024-03-08T16:36:48","date_gmt":"2024-03-08T15:36:48","guid":{"rendered":"https:\/\/novotel-bern-expo.accorv2prod.decms.eu\/restaurant-gourmetbar\/"},"modified":"2025-12-16T08:41:17","modified_gmt":"2025-12-16T07:41:17","slug":"gourmetbar","status":"publish","type":"page","link":"https:\/\/www.novotelbernexpo.ch\/fr\/gourmetbar\/","title":{"rendered":"Restaurant GourmetBar"},"content":{"rendered":"<p>Notre \u00e9quipe du GourmetBar vous propose une cuisine locale et internationale.<\/p>\n<p>SAVOUR THE NEW BAR EXPERIENCE &#8211; nous nous r\u00e9jouissons de vous emmener dans notre voyage culinaire !<\/p>\n<p>Nous vous invitons \u00e0 r\u00e9server votre table au GourmetBar.<\/p>\n","protected":false},"excerpt":{"rendered":"<p>Notre \u00e9quipe du GourmetBar vous propose une cuisine locale et internationale. SAVOUR THE NEW BAR EXPERIENCE &#8211; nous nous r\u00e9jouissons de vous emmener dans notre voyage culinaire ! Nous vous invitons \u00e0 r\u00e9server votre table au GourmetBar.<\/p>\n","protected":false},"author":118,"featured_media":0,"parent":0,"menu_order":20,"comment_status":"closed","ping_status":"closed","template":"template-restaurants.php","meta":{"footnotes":""},"categories":[],"class_list":["post-278","page","type-page","status-publish","hentry"],"acf":[],"yoast_head":"<!-- This site is optimized with the Yoast SEO plugin v26.9 - https:\/\/yoast.com\/product\/yoast-seo-wordpress\/ -->\n<title>Restaurant GourmetBar - Novotel Bern Expo<\/title>\n<meta name=\"description\" content=\"Savourez une cuisine locale et internationale au GourmetBar. R\u00e9servez votre table \u00e0 l\u2019po pour une exp\u00e9rience culinaire unique.\" \/>\n<meta name=\"robots\" content=\"index, follow, max-snippet:-1, max-image-preview:large, max-video-preview:-1\" \/>\n<link rel=\"canonical\" href=\"https:\/\/www.novotelbernexpo.ch\/fr\/gourmetbar\/\" \/>\n<meta property=\"og:locale\" content=\"fr_FR\" \/>\n<meta property=\"og:type\" content=\"article\" \/>\n<meta property=\"og:title\" content=\"Restaurant GourmetBar - Novotel Bern Expo\" \/>\n<meta property=\"og:description\" content=\"Savourez une cuisine locale et internationale au GourmetBar. R\u00e9servez votre table \u00e0 l\u2019po pour une exp\u00e9rience culinaire unique.\" \/>\n<meta property=\"og:url\" content=\"https:\/\/www.novotelbernexpo.ch\/fr\/gourmetbar\/\" \/>\n<meta property=\"og:site_name\" content=\"Novotel Bern Expo\" \/>\n<meta property=\"article:publisher\" content=\"https:\/\/www.facebook.com\/novotelbern\/\" \/>\n<meta property=\"article:modified_time\" content=\"2025-12-16T07:41:17+00:00\" \/>\n<meta name=\"twitter:card\" content=\"summary_large_image\" \/>\n<meta name=\"twitter:label1\" content=\"Dur\u00e9e de lecture est.\" \/>\n\t<meta name=\"twitter:data1\" content=\"1 minute\" \/>\n<script type=\"application\/ld+json\" class=\"yoast-schema-graph\">{\"@context\":\"https:\/\/schema.org\",\"@graph\":[{\"@type\":\"WebPage\",\"@id\":\"https:\/\/www.novotelbernexpo.ch\/fr\/gourmetbar\/\",\"url\":\"https:\/\/www.novotelbernexpo.ch\/fr\/gourmetbar\/\",\"name\":\"Restaurant GourmetBar - Novotel Bern Expo\",\"isPartOf\":{\"@id\":\"https:\/\/www.novotelbernexpo.ch\/#website\"},\"datePublished\":\"2024-03-08T15:36:48+00:00\",\"dateModified\":\"2025-12-16T07:41:17+00:00\",\"description\":\"Savourez une cuisine locale et internationale au GourmetBar. R\u00e9servez votre table \u00e0 l\u2019po pour une exp\u00e9rience culinaire unique.\",\"breadcrumb\":{\"@id\":\"https:\/\/www.novotelbernexpo.ch\/fr\/gourmetbar\/#breadcrumb\"},\"inLanguage\":\"fr-FR\",\"potentialAction\":[{\"@type\":\"ReadAction\",\"target\":[\"https:\/\/www.novotelbernexpo.ch\/fr\/gourmetbar\/\"]}]},{\"@type\":\"BreadcrumbList\",\"@id\":\"https:\/\/www.novotelbernexpo.ch\/fr\/gourmetbar\/#breadcrumb\",\"itemListElement\":[{\"@type\":\"ListItem\",\"position\":1,\"name\":\"Accueil\",\"item\":\"https:\/\/www.novotelbernexpo.ch\/fr\/\"},{\"@type\":\"ListItem\",\"position\":2,\"name\":\"Restaurant GourmetBar\"}]},{\"@type\":\"WebSite\",\"@id\":\"https:\/\/www.novotelbernexpo.ch\/#website\",\"url\":\"https:\/\/www.novotelbernexpo.ch\/\",\"name\":\"Novotel Bern Expo\",\"description\":\"\",\"potentialAction\":[{\"@type\":\"SearchAction\",\"target\":{\"@type\":\"EntryPoint\",\"urlTemplate\":\"https:\/\/www.novotelbernexpo.ch\/?s={search_term_string}\"},\"query-input\":{\"@type\":\"PropertyValueSpecification\",\"valueRequired\":true,\"valueName\":\"search_term_string\"}}],\"inLanguage\":\"fr-FR\"}]}<\/script>\n<!-- \/ Yoast SEO plugin. -->","yoast_head_json":{"title":"Restaurant GourmetBar - Novotel Bern Expo","description":"Savourez une cuisine locale et internationale au GourmetBar. R\u00e9servez votre table \u00e0 l\u2019po pour une exp\u00e9rience culinaire unique.","robots":{"index":"index","follow":"follow","max-snippet":"max-snippet:-1","max-image-preview":"max-image-preview:large","max-video-preview":"max-video-preview:-1"},"canonical":"https:\/\/www.novotelbernexpo.ch\/fr\/gourmetbar\/","og_locale":"fr_FR","og_type":"article","og_title":"Restaurant GourmetBar - Novotel Bern Expo","og_description":"Savourez une cuisine locale et internationale au GourmetBar. R\u00e9servez votre table \u00e0 l\u2019po pour une exp\u00e9rience culinaire unique.","og_url":"https:\/\/www.novotelbernexpo.ch\/fr\/gourmetbar\/","og_site_name":"Novotel Bern Expo","article_publisher":"https:\/\/www.facebook.com\/novotelbern\/","article_modified_time":"2025-12-16T07:41:17+00:00","twitter_card":"summary_large_image","twitter_misc":{"Dur\u00e9e de lecture est.":"1 minute"},"schema":{"@context":"https:\/\/schema.org","@graph":[{"@type":"WebPage","@id":"https:\/\/www.novotelbernexpo.ch\/fr\/gourmetbar\/","url":"https:\/\/www.novotelbernexpo.ch\/fr\/gourmetbar\/","name":"Restaurant GourmetBar - Novotel Bern Expo","isPartOf":{"@id":"https:\/\/www.novotelbernexpo.ch\/#website"},"datePublished":"2024-03-08T15:36:48+00:00","dateModified":"2025-12-16T07:41:17+00:00","description":"Savourez une cuisine locale et internationale au GourmetBar. R\u00e9servez votre table \u00e0 l\u2019po pour une exp\u00e9rience culinaire unique.","breadcrumb":{"@id":"https:\/\/www.novotelbernexpo.ch\/fr\/gourmetbar\/#breadcrumb"},"inLanguage":"fr-FR","potentialAction":[{"@type":"ReadAction","target":["https:\/\/www.novotelbernexpo.ch\/fr\/gourmetbar\/"]}]},{"@type":"BreadcrumbList","@id":"https:\/\/www.novotelbernexpo.ch\/fr\/gourmetbar\/#breadcrumb","itemListElement":[{"@type":"ListItem","position":1,"name":"Accueil","item":"https:\/\/www.novotelbernexpo.ch\/fr\/"},{"@type":"ListItem","position":2,"name":"Restaurant GourmetBar"}]},{"@type":"WebSite","@id":"https:\/\/www.novotelbernexpo.ch\/#website","url":"https:\/\/www.novotelbernexpo.ch\/","name":"Novotel Bern Expo","description":"","potentialAction":[{"@type":"SearchAction","target":{"@type":"EntryPoint","urlTemplate":"https:\/\/www.novotelbernexpo.ch\/?s={search_term_string}"},"query-input":{"@type":"PropertyValueSpecification","valueRequired":true,"valueName":"search_term_string"}}],"inLanguage":"fr-FR"}]}},"_links":{"self":[{"href":"https:\/\/www.novotelbernexpo.ch\/fr\/wp-json\/wp\/v2\/pages\/278","targetHints":{"allow":["GET"]}}],"collection":[{"href":"https:\/\/www.novotelbernexpo.ch\/fr\/wp-json\/wp\/v2\/pages"}],"about":[{"href":"https:\/\/www.novotelbernexpo.ch\/fr\/wp-json\/wp\/v2\/types\/page"}],"author":[{"embeddable":true,"href":"https:\/\/www.novotelbernexpo.ch\/fr\/wp-json\/wp\/v2\/users\/118"}],"replies":[{"embeddable":true,"href":"https:\/\/www.novotelbernexpo.ch\/fr\/wp-json\/wp\/v2\/comments?post=278"}],"version-history":[{"count":0,"href":"https:\/\/www.novotelbernexpo.ch\/fr\/wp-json\/wp\/v2\/pages\/278\/revisions"}],"wp:attachment":[{"href":"https:\/\/www.novotelbernexpo.ch\/fr\/wp-json\/wp\/v2\/media?parent=278"}],"wp:term":[{"taxonomy":"category","embeddable":true,"href":"https:\/\/www.novotelbernexpo.ch\/fr\/wp-json\/wp\/v2\/categories?post=278"}],"curies":[{"name":"wp","href":"https:\/\/api.w.org\/{rel}","templated":true}]}}