{"id":483,"date":"2024-03-08T16:25:17","date_gmt":"2024-03-08T15:25:17","guid":{"rendered":"https:\/\/novotel-bern-expo.accorv2prod.decms.eu\/das-hotel\/"},"modified":"2025-10-21T15:32:37","modified_gmt":"2025-10-21T13:32:37","slug":"hotel","status":"publish","type":"page","link":"https:\/\/www.novotelbernexpo.ch\/fr\/","title":{"rendered":"H\u00f4tel"},"content":{"rendered":"<p data-start=\"160\" data-end=\"242\"><strong>Toute l\u2019\u00e9quipe, men\u00e9e par Matthias Beyeler, est impatiente de vous accueillir !<\/strong><\/p>\n<p data-start=\"244\" data-end=\"461\">Situ\u00e9 en face du parc des expositions Bern Expo, \u00e0 proximit\u00e9 du stade Wankdorf et de la PostFinance Arena, notre h\u00f4tel offre un emplacement id\u00e9al combin\u00e9 \u00e0 une hospitalit\u00e9 chaleureuse qui r\u00e9pond \u00e0 toutes vos attentes.<\/p>\n<p>Profitez de 112 chambres et junior suites climatis\u00e9es aux espaces modernes, r\u00e9parties sur 9 \u00e9tages. Notre \u00e9tablissement met \u00e9galement \u00e0 votre disposition six salles de s\u00e9minaire enti\u00e8rement \u00e9quip\u00e9es ainsi qu&rsquo;une salle de fitness accessible \u00e0 tous nos clients.<\/p>\n<p data-start=\"769\" data-end=\"825\"><strong>GourmetBar \u2013 Savourez une exp\u00e9rience culinaire unique<\/strong><\/p>\n<p>Notre restaurant GourmetBar vous propose une cuisine internationale et r\u00e9gionale, sublim\u00e9e par des sp\u00e9cialit\u00e9s suisses authentiques.<br \/>\nD\u00e9tente, travail, plaisirs culinaires ou moments entre amis : nous vous accueillons chaleureusement.<\/p>\n","protected":false},"excerpt":{"rendered":"<p>Toute l\u2019\u00e9quipe, men\u00e9e par Matthias Beyeler, est impatiente de vous accueillir ! Situ\u00e9 en face du parc des expositions Bern Expo, \u00e0 proximit\u00e9 du stade Wankdorf et de la PostFinance Arena, notre h\u00f4tel offre un emplacement id\u00e9al combin\u00e9 \u00e0 une hospitalit\u00e9 chaleureuse qui r\u00e9pond \u00e0 toutes vos attentes. Profitez de 112 chambres et junior suites [&hellip;]<\/p>\n","protected":false},"author":118,"featured_media":0,"parent":0,"menu_order":0,"comment_status":"closed","ping_status":"closed","template":"","meta":{"footnotes":""},"categories":[],"class_list":["post-483","page","type-page","status-publish","hentry"],"acf":[],"yoast_head":"<!-- This site is optimized with the Yoast SEO plugin v26.9 - https:\/\/yoast.com\/product\/yoast-seo-wordpress\/ -->\n<title>H\u00f4tel - Novotel Bern Expo<\/title>\n<meta name=\"description\" content=\"H\u00f4tel pr\u00e8s de Bern Expo avec 112 chambres climatis\u00e9es, salle de fitness, 6 salles de s\u00e9minaire et restaurant GourmetBar.\" \/>\n<meta name=\"robots\" content=\"index, follow, max-snippet:-1, max-image-preview:large, max-video-preview:-1\" \/>\n<link rel=\"canonical\" href=\"https:\/\/www.novotelbernexpo.ch\/fr\/\" \/>\n<meta property=\"og:locale\" content=\"fr_FR\" \/>\n<meta property=\"og:type\" content=\"article\" \/>\n<meta property=\"og:title\" content=\"H\u00f4tel - Novotel Bern Expo\" \/>\n<meta property=\"og:description\" content=\"H\u00f4tel pr\u00e8s de Bern Expo avec 112 chambres climatis\u00e9es, salle de fitness, 6 salles de s\u00e9minaire et restaurant GourmetBar.\" \/>\n<meta property=\"og:url\" content=\"https:\/\/www.novotelbernexpo.ch\/fr\/\" \/>\n<meta property=\"og:site_name\" content=\"Novotel Bern Expo\" \/>\n<meta property=\"article:publisher\" content=\"https:\/\/www.facebook.com\/novotelbern\/\" \/>\n<meta property=\"article:modified_time\" content=\"2025-10-21T13:32:37+00:00\" \/>\n<meta name=\"twitter:card\" content=\"summary_large_image\" \/>\n<meta name=\"twitter:label1\" content=\"Dur\u00e9e de lecture est.\" \/>\n\t<meta name=\"twitter:data1\" content=\"1 minute\" \/>\n<script type=\"application\/ld+json\" class=\"yoast-schema-graph\">{\"@context\":\"https:\/\/schema.org\",\"@graph\":[{\"@type\":\"WebPage\",\"@id\":\"https:\/\/www.novotelbernexpo.ch\/fr\/\",\"url\":\"https:\/\/www.novotelbernexpo.ch\/fr\/\",\"name\":\"H\u00f4tel - Novotel Bern Expo\",\"isPartOf\":{\"@id\":\"https:\/\/www.novotelbernexpo.ch\/#website\"},\"datePublished\":\"2024-03-08T15:25:17+00:00\",\"dateModified\":\"2025-10-21T13:32:37+00:00\",\"description\":\"H\u00f4tel pr\u00e8s de Bern Expo avec 112 chambres climatis\u00e9es, salle de fitness, 6 salles de s\u00e9minaire et restaurant GourmetBar.\",\"breadcrumb\":{\"@id\":\"https:\/\/www.novotelbernexpo.ch\/fr\/#breadcrumb\"},\"inLanguage\":\"fr-FR\",\"potentialAction\":[{\"@type\":\"ReadAction\",\"target\":[\"https:\/\/www.novotelbernexpo.ch\/fr\/\"]}]},{\"@type\":\"BreadcrumbList\",\"@id\":\"https:\/\/www.novotelbernexpo.ch\/fr\/#breadcrumb\",\"itemListElement\":[{\"@type\":\"ListItem\",\"position\":1,\"name\":\"Accueil\",\"item\":\"https:\/\/www.novotelbernexpo.ch\/fr\/\"},{\"@type\":\"ListItem\",\"position\":2,\"name\":\"H\u00f4tel\"}]},{\"@type\":\"WebSite\",\"@id\":\"https:\/\/www.novotelbernexpo.ch\/#website\",\"url\":\"https:\/\/www.novotelbernexpo.ch\/\",\"name\":\"Novotel Bern Expo\",\"description\":\"\",\"potentialAction\":[{\"@type\":\"SearchAction\",\"target\":{\"@type\":\"EntryPoint\",\"urlTemplate\":\"https:\/\/www.novotelbernexpo.ch\/?s={search_term_string}\"},\"query-input\":{\"@type\":\"PropertyValueSpecification\",\"valueRequired\":true,\"valueName\":\"search_term_string\"}}],\"inLanguage\":\"fr-FR\"}]}<\/script>\n<!-- \/ Yoast SEO plugin. -->","yoast_head_json":{"title":"H\u00f4tel - Novotel Bern Expo","description":"H\u00f4tel pr\u00e8s de Bern Expo avec 112 chambres climatis\u00e9es, salle de fitness, 6 salles de s\u00e9minaire et restaurant GourmetBar.","robots":{"index":"index","follow":"follow","max-snippet":"max-snippet:-1","max-image-preview":"max-image-preview:large","max-video-preview":"max-video-preview:-1"},"canonical":"https:\/\/www.novotelbernexpo.ch\/fr\/","og_locale":"fr_FR","og_type":"article","og_title":"H\u00f4tel - Novotel Bern Expo","og_description":"H\u00f4tel pr\u00e8s de Bern Expo avec 112 chambres climatis\u00e9es, salle de fitness, 6 salles de s\u00e9minaire et restaurant GourmetBar.","og_url":"https:\/\/www.novotelbernexpo.ch\/fr\/","og_site_name":"Novotel Bern Expo","article_publisher":"https:\/\/www.facebook.com\/novotelbern\/","article_modified_time":"2025-10-21T13:32:37+00:00","twitter_card":"summary_large_image","twitter_misc":{"Dur\u00e9e de lecture est.":"1 minute"},"schema":{"@context":"https:\/\/schema.org","@graph":[{"@type":"WebPage","@id":"https:\/\/www.novotelbernexpo.ch\/fr\/","url":"https:\/\/www.novotelbernexpo.ch\/fr\/","name":"H\u00f4tel - Novotel Bern Expo","isPartOf":{"@id":"https:\/\/www.novotelbernexpo.ch\/#website"},"datePublished":"2024-03-08T15:25:17+00:00","dateModified":"2025-10-21T13:32:37+00:00","description":"H\u00f4tel pr\u00e8s de Bern Expo avec 112 chambres climatis\u00e9es, salle de fitness, 6 salles de s\u00e9minaire et restaurant GourmetBar.","breadcrumb":{"@id":"https:\/\/www.novotelbernexpo.ch\/fr\/#breadcrumb"},"inLanguage":"fr-FR","potentialAction":[{"@type":"ReadAction","target":["https:\/\/www.novotelbernexpo.ch\/fr\/"]}]},{"@type":"BreadcrumbList","@id":"https:\/\/www.novotelbernexpo.ch\/fr\/#breadcrumb","itemListElement":[{"@type":"ListItem","position":1,"name":"Accueil","item":"https:\/\/www.novotelbernexpo.ch\/fr\/"},{"@type":"ListItem","position":2,"name":"H\u00f4tel"}]},{"@type":"WebSite","@id":"https:\/\/www.novotelbernexpo.ch\/#website","url":"https:\/\/www.novotelbernexpo.ch\/","name":"Novotel Bern Expo","description":"","potentialAction":[{"@type":"SearchAction","target":{"@type":"EntryPoint","urlTemplate":"https:\/\/www.novotelbernexpo.ch\/?s={search_term_string}"},"query-input":{"@type":"PropertyValueSpecification","valueRequired":true,"valueName":"search_term_string"}}],"inLanguage":"fr-FR"}]}},"_links":{"self":[{"href":"https:\/\/www.novotelbernexpo.ch\/fr\/wp-json\/wp\/v2\/pages\/483","targetHints":{"allow":["GET"]}}],"collection":[{"href":"https:\/\/www.novotelbernexpo.ch\/fr\/wp-json\/wp\/v2\/pages"}],"about":[{"href":"https:\/\/www.novotelbernexpo.ch\/fr\/wp-json\/wp\/v2\/types\/page"}],"author":[{"embeddable":true,"href":"https:\/\/www.novotelbernexpo.ch\/fr\/wp-json\/wp\/v2\/users\/118"}],"replies":[{"embeddable":true,"href":"https:\/\/www.novotelbernexpo.ch\/fr\/wp-json\/wp\/v2\/comments?post=483"}],"version-history":[{"count":0,"href":"https:\/\/www.novotelbernexpo.ch\/fr\/wp-json\/wp\/v2\/pages\/483\/revisions"}],"wp:attachment":[{"href":"https:\/\/www.novotelbernexpo.ch\/fr\/wp-json\/wp\/v2\/media?parent=483"}],"wp:term":[{"taxonomy":"category","embeddable":true,"href":"https:\/\/www.novotelbernexpo.ch\/fr\/wp-json\/wp\/v2\/categories?post=483"}],"curies":[{"name":"wp","href":"https:\/\/api.w.org\/{rel}","templated":true}]}}