{"id":522,"date":"2024-03-08T16:35:46","date_gmt":"2024-03-08T15:35:46","guid":{"rendered":"https:\/\/novotel-bern-expo.accorv2prod.decms.eu\/fitnessraum\/"},"modified":"2025-07-10T12:37:21","modified_gmt":"2025-07-10T10:37:21","slug":"centredefitness","status":"publish","type":"page","link":"https:\/\/www.novotelbernexpo.ch\/fr\/centredefitness\/","title":{"rendered":"Centre de fitness"},"content":{"rendered":"<p>Notre salle de fitness enti\u00e8rement \u00e9quip\u00e9e vous attend au Novotel Bern Expo. Cardio-training, musculation ou spinning: maintenez votre forme dans un espace moderne et parfaitement am\u00e9nag\u00e9.<\/p>\n","protected":false},"excerpt":{"rendered":"<p>Notre salle de fitness enti\u00e8rement \u00e9quip\u00e9e vous attend au Novotel Bern Expo. Cardio-training, musculation ou spinning: maintenez votre forme dans un espace moderne et parfaitement am\u00e9nag\u00e9.<\/p>\n","protected":false},"author":118,"featured_media":0,"parent":0,"menu_order":40,"comment_status":"closed","ping_status":"closed","template":"template-spa.php","meta":{"footnotes":""},"categories":[],"class_list":["post-522","page","type-page","status-publish","hentry"],"acf":[],"yoast_head":"<!-- This site is optimized with the Yoast SEO plugin v26.9 - https:\/\/yoast.com\/product\/yoast-seo-wordpress\/ -->\n<title>Centre de fitness - Novotel Bern Expo<\/title>\n<meta name=\"description\" content=\"Restez actif \u00e0 Bern avec notre salle de fitness gratuite, \u00e9quip\u00e9e pour cardio et musculation. Offert \u00e0 l\u2019h\u00f4tel Novotel Bern Expo.\" \/>\n<meta name=\"robots\" content=\"index, follow, max-snippet:-1, max-image-preview:large, max-video-preview:-1\" \/>\n<link rel=\"canonical\" href=\"https:\/\/www.novotelbernexpo.ch\/fr\/centredefitness\/\" \/>\n<meta property=\"og:locale\" content=\"fr_FR\" \/>\n<meta property=\"og:type\" content=\"article\" \/>\n<meta property=\"og:title\" content=\"Centre de fitness - Novotel Bern Expo\" \/>\n<meta property=\"og:description\" content=\"Restez actif \u00e0 Bern avec notre salle de fitness gratuite, \u00e9quip\u00e9e pour cardio et musculation. Offert \u00e0 l\u2019h\u00f4tel Novotel Bern Expo.\" \/>\n<meta property=\"og:url\" content=\"https:\/\/www.novotelbernexpo.ch\/fr\/centredefitness\/\" \/>\n<meta property=\"og:site_name\" content=\"Novotel Bern Expo\" \/>\n<meta property=\"article:publisher\" content=\"https:\/\/www.facebook.com\/novotelbern\/\" \/>\n<meta property=\"article:modified_time\" content=\"2025-07-10T10:37:21+00:00\" \/>\n<meta name=\"twitter:card\" content=\"summary_large_image\" \/>\n<meta name=\"twitter:label1\" content=\"Dur\u00e9e de lecture est.\" \/>\n\t<meta name=\"twitter:data1\" content=\"1 minute\" \/>\n<script type=\"application\/ld+json\" class=\"yoast-schema-graph\">{\"@context\":\"https:\/\/schema.org\",\"@graph\":[{\"@type\":\"WebPage\",\"@id\":\"https:\/\/www.novotelbernexpo.ch\/fr\/centredefitness\/\",\"url\":\"https:\/\/www.novotelbernexpo.ch\/fr\/centredefitness\/\",\"name\":\"Centre de fitness - Novotel Bern Expo\",\"isPartOf\":{\"@id\":\"https:\/\/www.novotelbernexpo.ch\/#website\"},\"datePublished\":\"2024-03-08T15:35:46+00:00\",\"dateModified\":\"2025-07-10T10:37:21+00:00\",\"description\":\"Restez actif \u00e0 Bern avec notre salle de fitness gratuite, \u00e9quip\u00e9e pour cardio et musculation. Offert \u00e0 l\u2019h\u00f4tel Novotel Bern Expo.\",\"breadcrumb\":{\"@id\":\"https:\/\/www.novotelbernexpo.ch\/fr\/centredefitness\/#breadcrumb\"},\"inLanguage\":\"fr-FR\",\"potentialAction\":[{\"@type\":\"ReadAction\",\"target\":[\"https:\/\/www.novotelbernexpo.ch\/fr\/centredefitness\/\"]}]},{\"@type\":\"BreadcrumbList\",\"@id\":\"https:\/\/www.novotelbernexpo.ch\/fr\/centredefitness\/#breadcrumb\",\"itemListElement\":[{\"@type\":\"ListItem\",\"position\":1,\"name\":\"Accueil\",\"item\":\"https:\/\/www.novotelbernexpo.ch\/fr\/\"},{\"@type\":\"ListItem\",\"position\":2,\"name\":\"Centre de fitness\"}]},{\"@type\":\"WebSite\",\"@id\":\"https:\/\/www.novotelbernexpo.ch\/#website\",\"url\":\"https:\/\/www.novotelbernexpo.ch\/\",\"name\":\"Novotel Bern Expo\",\"description\":\"\",\"potentialAction\":[{\"@type\":\"SearchAction\",\"target\":{\"@type\":\"EntryPoint\",\"urlTemplate\":\"https:\/\/www.novotelbernexpo.ch\/?s={search_term_string}\"},\"query-input\":{\"@type\":\"PropertyValueSpecification\",\"valueRequired\":true,\"valueName\":\"search_term_string\"}}],\"inLanguage\":\"fr-FR\"}]}<\/script>\n<!-- \/ Yoast SEO plugin. -->","yoast_head_json":{"title":"Centre de fitness - Novotel Bern Expo","description":"Restez actif \u00e0 Bern avec notre salle de fitness gratuite, \u00e9quip\u00e9e pour cardio et musculation. Offert \u00e0 l\u2019h\u00f4tel Novotel Bern Expo.","robots":{"index":"index","follow":"follow","max-snippet":"max-snippet:-1","max-image-preview":"max-image-preview:large","max-video-preview":"max-video-preview:-1"},"canonical":"https:\/\/www.novotelbernexpo.ch\/fr\/centredefitness\/","og_locale":"fr_FR","og_type":"article","og_title":"Centre de fitness - Novotel Bern Expo","og_description":"Restez actif \u00e0 Bern avec notre salle de fitness gratuite, \u00e9quip\u00e9e pour cardio et musculation. Offert \u00e0 l\u2019h\u00f4tel Novotel Bern Expo.","og_url":"https:\/\/www.novotelbernexpo.ch\/fr\/centredefitness\/","og_site_name":"Novotel Bern Expo","article_publisher":"https:\/\/www.facebook.com\/novotelbern\/","article_modified_time":"2025-07-10T10:37:21+00:00","twitter_card":"summary_large_image","twitter_misc":{"Dur\u00e9e de lecture est.":"1 minute"},"schema":{"@context":"https:\/\/schema.org","@graph":[{"@type":"WebPage","@id":"https:\/\/www.novotelbernexpo.ch\/fr\/centredefitness\/","url":"https:\/\/www.novotelbernexpo.ch\/fr\/centredefitness\/","name":"Centre de fitness - Novotel Bern Expo","isPartOf":{"@id":"https:\/\/www.novotelbernexpo.ch\/#website"},"datePublished":"2024-03-08T15:35:46+00:00","dateModified":"2025-07-10T10:37:21+00:00","description":"Restez actif \u00e0 Bern avec notre salle de fitness gratuite, \u00e9quip\u00e9e pour cardio et musculation. Offert \u00e0 l\u2019h\u00f4tel Novotel Bern Expo.","breadcrumb":{"@id":"https:\/\/www.novotelbernexpo.ch\/fr\/centredefitness\/#breadcrumb"},"inLanguage":"fr-FR","potentialAction":[{"@type":"ReadAction","target":["https:\/\/www.novotelbernexpo.ch\/fr\/centredefitness\/"]}]},{"@type":"BreadcrumbList","@id":"https:\/\/www.novotelbernexpo.ch\/fr\/centredefitness\/#breadcrumb","itemListElement":[{"@type":"ListItem","position":1,"name":"Accueil","item":"https:\/\/www.novotelbernexpo.ch\/fr\/"},{"@type":"ListItem","position":2,"name":"Centre de fitness"}]},{"@type":"WebSite","@id":"https:\/\/www.novotelbernexpo.ch\/#website","url":"https:\/\/www.novotelbernexpo.ch\/","name":"Novotel Bern Expo","description":"","potentialAction":[{"@type":"SearchAction","target":{"@type":"EntryPoint","urlTemplate":"https:\/\/www.novotelbernexpo.ch\/?s={search_term_string}"},"query-input":{"@type":"PropertyValueSpecification","valueRequired":true,"valueName":"search_term_string"}}],"inLanguage":"fr-FR"}]}},"_links":{"self":[{"href":"https:\/\/www.novotelbernexpo.ch\/fr\/wp-json\/wp\/v2\/pages\/522","targetHints":{"allow":["GET"]}}],"collection":[{"href":"https:\/\/www.novotelbernexpo.ch\/fr\/wp-json\/wp\/v2\/pages"}],"about":[{"href":"https:\/\/www.novotelbernexpo.ch\/fr\/wp-json\/wp\/v2\/types\/page"}],"author":[{"embeddable":true,"href":"https:\/\/www.novotelbernexpo.ch\/fr\/wp-json\/wp\/v2\/users\/118"}],"replies":[{"embeddable":true,"href":"https:\/\/www.novotelbernexpo.ch\/fr\/wp-json\/wp\/v2\/comments?post=522"}],"version-history":[{"count":0,"href":"https:\/\/www.novotelbernexpo.ch\/fr\/wp-json\/wp\/v2\/pages\/522\/revisions"}],"wp:attachment":[{"href":"https:\/\/www.novotelbernexpo.ch\/fr\/wp-json\/wp\/v2\/media?parent=522"}],"wp:term":[{"taxonomy":"category","embeddable":true,"href":"https:\/\/www.novotelbernexpo.ch\/fr\/wp-json\/wp\/v2\/categories?post=522"}],"curies":[{"name":"wp","href":"https:\/\/api.w.org\/{rel}","templated":true}]}}