{"id":531,"date":"2024-03-08T16:30:54","date_gmt":"2024-03-08T15:30:54","guid":{"rendered":"https:\/\/novotel-bern-expo.accorv2prod.decms.eu\/das-hotel\/lage-des-hotels\/"},"modified":"2025-06-24T08:54:44","modified_gmt":"2025-06-24T06:54:44","slug":"situation-de-lhotel","status":"publish","type":"page","link":"https:\/\/www.novotelbernexpo.ch\/fr\/hotel\/situation-de-lhotel\/","title":{"rendered":"Situation de l&rsquo;h\u00f4tel"},"content":{"rendered":"<p style=\"text-align: center\">Le Novotel Bern Expo se trouve \u00e0 seulement cinq minutes \u00e0 pied ou une minute en voiture du stade Wankdorf et du Wankdorf Center.<br \/>\nUtilisez notre planificateur d\u2019itin\u00e9raire Google Maps int\u00e9gr\u00e9 ci-dessous pour trouver le chemin le plus rapide depuis votre position.<\/p>\n<p style=\"text-align: center\" data-start=\"450\" data-end=\"502\"><strong data-start=\"450\" data-end=\"463\">Adresse :<\/strong><br data-start=\"463\" data-end=\"466\" \/>Am Guisanplatz 2, 3014 Berne, Suisse<\/p>\n<p style=\"text-align: center\" data-start=\"504\" data-end=\"538\"><strong data-start=\"504\" data-end=\"519\">T\u00e9l\u00e9phone :<\/strong><br data-start=\"519\" data-end=\"522\" \/>+41 31 339 09 09<\/p>\n<p style=\"text-align: center\" data-start=\"540\" data-end=\"607\"><strong data-start=\"540\" data-end=\"561\">Coordonn\u00e9es GPS :<\/strong><br data-start=\"561\" data-end=\"564\" \/>Latitude : 46.958724 | Longitude : 7.464119<\/p>\n","protected":false},"excerpt":{"rendered":"<p>Le Novotel Bern Expo se trouve \u00e0 seulement cinq minutes \u00e0 pied ou une minute en voiture du stade Wankdorf et du Wankdorf Center. Utilisez notre planificateur d\u2019itin\u00e9raire Google Maps int\u00e9gr\u00e9 ci-dessous pour trouver le chemin le plus rapide depuis votre position. Adresse :Am Guisanplatz 2, 3014 Berne, Suisse T\u00e9l\u00e9phone :+41 31 339 09 09 [&hellip;]<\/p>\n","protected":false},"author":118,"featured_media":0,"parent":483,"menu_order":151,"comment_status":"closed","ping_status":"closed","template":"template-location.php","meta":{"footnotes":""},"categories":[],"class_list":["post-531","page","type-page","status-publish","hentry"],"acf":[],"yoast_head":"<!-- This site is optimized with the Yoast SEO plugin v26.9 - https:\/\/yoast.com\/product\/yoast-seo-wordpress\/ -->\n<title>Situation de l&#039;h\u00f4tel - Novotel Bern Expo<\/title>\n<meta name=\"description\" content=\"Novotel Bern Expo, \u00e0 5 min \u00e0 pied du stade Wankdorf et Wankdorf Center. Emplacement central \u00e0 Berne. R\u00e9servez votre s\u00e9jour facilement.\" \/>\n<meta name=\"robots\" content=\"index, follow, max-snippet:-1, max-image-preview:large, max-video-preview:-1\" \/>\n<link rel=\"canonical\" href=\"https:\/\/www.novotelbernexpo.ch\/fr\/hotel\/situation-de-lhotel\/\" \/>\n<meta property=\"og:locale\" content=\"fr_FR\" \/>\n<meta property=\"og:type\" content=\"article\" \/>\n<meta property=\"og:title\" content=\"Situation de l&#039;h\u00f4tel - Novotel Bern Expo\" \/>\n<meta property=\"og:description\" content=\"Novotel Bern Expo, \u00e0 5 min \u00e0 pied du stade Wankdorf et Wankdorf Center. Emplacement central \u00e0 Berne. R\u00e9servez votre s\u00e9jour facilement.\" \/>\n<meta property=\"og:url\" content=\"https:\/\/www.novotelbernexpo.ch\/fr\/hotel\/situation-de-lhotel\/\" \/>\n<meta property=\"og:site_name\" content=\"Novotel Bern Expo\" \/>\n<meta property=\"article:publisher\" content=\"https:\/\/www.facebook.com\/novotelbern\/\" \/>\n<meta property=\"article:modified_time\" content=\"2025-06-24T06:54:44+00:00\" \/>\n<meta name=\"twitter:card\" content=\"summary_large_image\" \/>\n<meta name=\"twitter:label1\" content=\"Dur\u00e9e de lecture est.\" \/>\n\t<meta name=\"twitter:data1\" content=\"1 minute\" \/>\n<script type=\"application\/ld+json\" class=\"yoast-schema-graph\">{\"@context\":\"https:\/\/schema.org\",\"@graph\":[{\"@type\":\"WebPage\",\"@id\":\"https:\/\/www.novotelbernexpo.ch\/fr\/hotel\/situation-de-lhotel\/\",\"url\":\"https:\/\/www.novotelbernexpo.ch\/fr\/hotel\/situation-de-lhotel\/\",\"name\":\"Situation de l'h\u00f4tel - Novotel Bern Expo\",\"isPartOf\":{\"@id\":\"https:\/\/www.novotelbernexpo.ch\/#website\"},\"datePublished\":\"2024-03-08T15:30:54+00:00\",\"dateModified\":\"2025-06-24T06:54:44+00:00\",\"description\":\"Novotel Bern Expo, \u00e0 5 min \u00e0 pied du stade Wankdorf et Wankdorf Center. Emplacement central \u00e0 Berne. R\u00e9servez votre s\u00e9jour facilement.\",\"breadcrumb\":{\"@id\":\"https:\/\/www.novotelbernexpo.ch\/fr\/hotel\/situation-de-lhotel\/#breadcrumb\"},\"inLanguage\":\"fr-FR\",\"potentialAction\":[{\"@type\":\"ReadAction\",\"target\":[\"https:\/\/www.novotelbernexpo.ch\/fr\/hotel\/situation-de-lhotel\/\"]}]},{\"@type\":\"BreadcrumbList\",\"@id\":\"https:\/\/www.novotelbernexpo.ch\/fr\/hotel\/situation-de-lhotel\/#breadcrumb\",\"itemListElement\":[{\"@type\":\"ListItem\",\"position\":1,\"name\":\"Accueil\",\"item\":\"https:\/\/www.novotelbernexpo.ch\/fr\/\"},{\"@type\":\"ListItem\",\"position\":2,\"name\":\"H\u00f4tel\",\"item\":\"https:\/\/www.novotelbernexpo.ch\/fr\/\"},{\"@type\":\"ListItem\",\"position\":3,\"name\":\"Situation de l&rsquo;h\u00f4tel\"}]},{\"@type\":\"WebSite\",\"@id\":\"https:\/\/www.novotelbernexpo.ch\/#website\",\"url\":\"https:\/\/www.novotelbernexpo.ch\/\",\"name\":\"Novotel Bern Expo\",\"description\":\"\",\"potentialAction\":[{\"@type\":\"SearchAction\",\"target\":{\"@type\":\"EntryPoint\",\"urlTemplate\":\"https:\/\/www.novotelbernexpo.ch\/?s={search_term_string}\"},\"query-input\":{\"@type\":\"PropertyValueSpecification\",\"valueRequired\":true,\"valueName\":\"search_term_string\"}}],\"inLanguage\":\"fr-FR\"}]}<\/script>\n<!-- \/ Yoast SEO plugin. -->","yoast_head_json":{"title":"Situation de l'h\u00f4tel - Novotel Bern Expo","description":"Novotel Bern Expo, \u00e0 5 min \u00e0 pied du stade Wankdorf et Wankdorf Center. Emplacement central \u00e0 Berne. R\u00e9servez votre s\u00e9jour facilement.","robots":{"index":"index","follow":"follow","max-snippet":"max-snippet:-1","max-image-preview":"max-image-preview:large","max-video-preview":"max-video-preview:-1"},"canonical":"https:\/\/www.novotelbernexpo.ch\/fr\/hotel\/situation-de-lhotel\/","og_locale":"fr_FR","og_type":"article","og_title":"Situation de l'h\u00f4tel - Novotel Bern Expo","og_description":"Novotel Bern Expo, \u00e0 5 min \u00e0 pied du stade Wankdorf et Wankdorf Center. Emplacement central \u00e0 Berne. R\u00e9servez votre s\u00e9jour facilement.","og_url":"https:\/\/www.novotelbernexpo.ch\/fr\/hotel\/situation-de-lhotel\/","og_site_name":"Novotel Bern Expo","article_publisher":"https:\/\/www.facebook.com\/novotelbern\/","article_modified_time":"2025-06-24T06:54:44+00:00","twitter_card":"summary_large_image","twitter_misc":{"Dur\u00e9e de lecture est.":"1 minute"},"schema":{"@context":"https:\/\/schema.org","@graph":[{"@type":"WebPage","@id":"https:\/\/www.novotelbernexpo.ch\/fr\/hotel\/situation-de-lhotel\/","url":"https:\/\/www.novotelbernexpo.ch\/fr\/hotel\/situation-de-lhotel\/","name":"Situation de l'h\u00f4tel - Novotel Bern Expo","isPartOf":{"@id":"https:\/\/www.novotelbernexpo.ch\/#website"},"datePublished":"2024-03-08T15:30:54+00:00","dateModified":"2025-06-24T06:54:44+00:00","description":"Novotel Bern Expo, \u00e0 5 min \u00e0 pied du stade Wankdorf et Wankdorf Center. Emplacement central \u00e0 Berne. R\u00e9servez votre s\u00e9jour facilement.","breadcrumb":{"@id":"https:\/\/www.novotelbernexpo.ch\/fr\/hotel\/situation-de-lhotel\/#breadcrumb"},"inLanguage":"fr-FR","potentialAction":[{"@type":"ReadAction","target":["https:\/\/www.novotelbernexpo.ch\/fr\/hotel\/situation-de-lhotel\/"]}]},{"@type":"BreadcrumbList","@id":"https:\/\/www.novotelbernexpo.ch\/fr\/hotel\/situation-de-lhotel\/#breadcrumb","itemListElement":[{"@type":"ListItem","position":1,"name":"Accueil","item":"https:\/\/www.novotelbernexpo.ch\/fr\/"},{"@type":"ListItem","position":2,"name":"H\u00f4tel","item":"https:\/\/www.novotelbernexpo.ch\/fr\/"},{"@type":"ListItem","position":3,"name":"Situation de l&rsquo;h\u00f4tel"}]},{"@type":"WebSite","@id":"https:\/\/www.novotelbernexpo.ch\/#website","url":"https:\/\/www.novotelbernexpo.ch\/","name":"Novotel Bern Expo","description":"","potentialAction":[{"@type":"SearchAction","target":{"@type":"EntryPoint","urlTemplate":"https:\/\/www.novotelbernexpo.ch\/?s={search_term_string}"},"query-input":{"@type":"PropertyValueSpecification","valueRequired":true,"valueName":"search_term_string"}}],"inLanguage":"fr-FR"}]}},"_links":{"self":[{"href":"https:\/\/www.novotelbernexpo.ch\/fr\/wp-json\/wp\/v2\/pages\/531","targetHints":{"allow":["GET"]}}],"collection":[{"href":"https:\/\/www.novotelbernexpo.ch\/fr\/wp-json\/wp\/v2\/pages"}],"about":[{"href":"https:\/\/www.novotelbernexpo.ch\/fr\/wp-json\/wp\/v2\/types\/page"}],"author":[{"embeddable":true,"href":"https:\/\/www.novotelbernexpo.ch\/fr\/wp-json\/wp\/v2\/users\/118"}],"replies":[{"embeddable":true,"href":"https:\/\/www.novotelbernexpo.ch\/fr\/wp-json\/wp\/v2\/comments?post=531"}],"version-history":[{"count":0,"href":"https:\/\/www.novotelbernexpo.ch\/fr\/wp-json\/wp\/v2\/pages\/531\/revisions"}],"up":[{"embeddable":true,"href":"https:\/\/www.novotelbernexpo.ch\/fr\/wp-json\/wp\/v2\/pages\/483"}],"wp:attachment":[{"href":"https:\/\/www.novotelbernexpo.ch\/fr\/wp-json\/wp\/v2\/media?parent=531"}],"wp:term":[{"taxonomy":"category","embeddable":true,"href":"https:\/\/www.novotelbernexpo.ch\/fr\/wp-json\/wp\/v2\/categories?post=531"}],"curies":[{"name":"wp","href":"https:\/\/api.w.org\/{rel}","templated":true}]}}