{"id":539,"date":"2024-03-08T16:23:58","date_gmt":"2024-03-08T15:23:58","guid":{"rendered":"https:\/\/novotel-bern-expo.accorv2prod.decms.eu\/die-zimmer\/superior-zimmer\/"},"modified":"2025-07-10T11:14:23","modified_gmt":"2025-07-10T09:14:23","slug":"chambre-superieure","status":"publish","type":"page","link":"https:\/\/www.novotelbernexpo.ch\/fr\/chambre\/chambre-superieure\/","title":{"rendered":"CHAMBRE SUP\u00c9RIEURE"},"content":{"rendered":"<p>Nos chambres spacieuses disposent d&rsquo;un lit double (160 x 200 cm), d&rsquo;un canap\u00e9-lit double (2 x 80 x 180 cm), d&rsquo;un bureau, d&rsquo;une bouilloire pour th\u00e9 et caf\u00e9, d&rsquo;un coffre-fort, d&rsquo;une t\u00e9l\u00e9vision, d&rsquo;un t\u00e9l\u00e9phone \u00e0 ligne directe et du Wi-Fi gratuit. La salle de bains comprend une cabine de douche et un s\u00e8che-cheveux.<\/p>\n<p>Chaque chambre dispose \u00e9galement de toilettes s\u00e9par\u00e9es et d&rsquo;un dressing pour votre confort. Capacit\u00e9 maximale : 4 personnes.<\/p>\n","protected":false},"excerpt":{"rendered":"<p>Nos chambres spacieuses disposent d&rsquo;un lit double (160 x 200 cm), d&rsquo;un canap\u00e9-lit double (2 x 80 x 180 cm), d&rsquo;un bureau, d&rsquo;une bouilloire pour th\u00e9 et caf\u00e9, d&rsquo;un coffre-fort, d&rsquo;une t\u00e9l\u00e9vision, d&rsquo;un t\u00e9l\u00e9phone \u00e0 ligne directe et du Wi-Fi gratuit. La salle de bains comprend une cabine de douche et un s\u00e8che-cheveux. Chaque chambre [&hellip;]<\/p>\n","protected":false},"author":118,"featured_media":0,"parent":533,"menu_order":11,"comment_status":"closed","ping_status":"closed","template":"template-room.php","meta":{"footnotes":""},"categories":[],"class_list":["post-539","page","type-page","status-publish","hentry"],"acf":[],"yoast_head":"<!-- This site is optimized with the Yoast SEO plugin v26.9 - https:\/\/yoast.com\/product\/yoast-seo-wordpress\/ -->\n<title>CHAMBRE SUP\u00c9RIEURE - Novotel Bern Expo<\/title>\n<meta name=\"description\" content=\"Chambres spacieuses avec lit double, canap\u00e9-lit, Wi-Fi gratuit, salle de bain, id\u00e9al pour 4 personnes au Novotel Bern Expo \u00e0 Berne.\" \/>\n<meta name=\"robots\" content=\"index, follow, max-snippet:-1, max-image-preview:large, max-video-preview:-1\" \/>\n<link rel=\"canonical\" href=\"https:\/\/www.novotelbernexpo.ch\/fr\/chambre\/chambre-superieure\/\" \/>\n<meta property=\"og:locale\" content=\"fr_FR\" \/>\n<meta property=\"og:type\" content=\"article\" \/>\n<meta property=\"og:title\" content=\"CHAMBRE SUP\u00c9RIEURE - Novotel Bern Expo\" \/>\n<meta property=\"og:description\" content=\"Chambres spacieuses avec lit double, canap\u00e9-lit, Wi-Fi gratuit, salle de bain, id\u00e9al pour 4 personnes au Novotel Bern Expo \u00e0 Berne.\" \/>\n<meta property=\"og:url\" content=\"https:\/\/www.novotelbernexpo.ch\/fr\/chambre\/chambre-superieure\/\" \/>\n<meta property=\"og:site_name\" content=\"Novotel Bern Expo\" \/>\n<meta property=\"article:publisher\" content=\"https:\/\/www.facebook.com\/novotelbern\/\" \/>\n<meta property=\"article:modified_time\" content=\"2025-07-10T09:14:23+00:00\" \/>\n<meta name=\"twitter:card\" content=\"summary_large_image\" \/>\n<meta name=\"twitter:label1\" content=\"Dur\u00e9e de lecture est.\" \/>\n\t<meta name=\"twitter:data1\" content=\"1 minute\" \/>\n<script type=\"application\/ld+json\" class=\"yoast-schema-graph\">{\"@context\":\"https:\/\/schema.org\",\"@graph\":[{\"@type\":\"WebPage\",\"@id\":\"https:\/\/www.novotelbernexpo.ch\/fr\/chambre\/chambre-superieure\/\",\"url\":\"https:\/\/www.novotelbernexpo.ch\/fr\/chambre\/chambre-superieure\/\",\"name\":\"CHAMBRE SUP\u00c9RIEURE - Novotel Bern Expo\",\"isPartOf\":{\"@id\":\"https:\/\/www.novotelbernexpo.ch\/#website\"},\"datePublished\":\"2024-03-08T15:23:58+00:00\",\"dateModified\":\"2025-07-10T09:14:23+00:00\",\"description\":\"Chambres spacieuses avec lit double, canap\u00e9-lit, Wi-Fi gratuit, salle de bain, id\u00e9al pour 4 personnes au Novotel Bern Expo \u00e0 Berne.\",\"breadcrumb\":{\"@id\":\"https:\/\/www.novotelbernexpo.ch\/fr\/chambre\/chambre-superieure\/#breadcrumb\"},\"inLanguage\":\"fr-FR\",\"potentialAction\":[{\"@type\":\"ReadAction\",\"target\":[\"https:\/\/www.novotelbernexpo.ch\/fr\/chambre\/chambre-superieure\/\"]}]},{\"@type\":\"BreadcrumbList\",\"@id\":\"https:\/\/www.novotelbernexpo.ch\/fr\/chambre\/chambre-superieure\/#breadcrumb\",\"itemListElement\":[{\"@type\":\"ListItem\",\"position\":1,\"name\":\"Accueil\",\"item\":\"https:\/\/www.novotelbernexpo.ch\/fr\/\"},{\"@type\":\"ListItem\",\"position\":2,\"name\":\"Chambre\",\"item\":\"https:\/\/www.novotelbernexpo.ch\/fr\/chambre\/\"},{\"@type\":\"ListItem\",\"position\":3,\"name\":\"CHAMBRE SUP\u00c9RIEURE\"}]},{\"@type\":\"WebSite\",\"@id\":\"https:\/\/www.novotelbernexpo.ch\/#website\",\"url\":\"https:\/\/www.novotelbernexpo.ch\/\",\"name\":\"Novotel Bern Expo\",\"description\":\"\",\"potentialAction\":[{\"@type\":\"SearchAction\",\"target\":{\"@type\":\"EntryPoint\",\"urlTemplate\":\"https:\/\/www.novotelbernexpo.ch\/?s={search_term_string}\"},\"query-input\":{\"@type\":\"PropertyValueSpecification\",\"valueRequired\":true,\"valueName\":\"search_term_string\"}}],\"inLanguage\":\"fr-FR\"}]}<\/script>\n<!-- \/ Yoast SEO plugin. -->","yoast_head_json":{"title":"CHAMBRE SUP\u00c9RIEURE - Novotel Bern Expo","description":"Chambres spacieuses avec lit double, canap\u00e9-lit, Wi-Fi gratuit, salle de bain, id\u00e9al pour 4 personnes au Novotel Bern Expo \u00e0 Berne.","robots":{"index":"index","follow":"follow","max-snippet":"max-snippet:-1","max-image-preview":"max-image-preview:large","max-video-preview":"max-video-preview:-1"},"canonical":"https:\/\/www.novotelbernexpo.ch\/fr\/chambre\/chambre-superieure\/","og_locale":"fr_FR","og_type":"article","og_title":"CHAMBRE SUP\u00c9RIEURE - Novotel Bern Expo","og_description":"Chambres spacieuses avec lit double, canap\u00e9-lit, Wi-Fi gratuit, salle de bain, id\u00e9al pour 4 personnes au Novotel Bern Expo \u00e0 Berne.","og_url":"https:\/\/www.novotelbernexpo.ch\/fr\/chambre\/chambre-superieure\/","og_site_name":"Novotel Bern Expo","article_publisher":"https:\/\/www.facebook.com\/novotelbern\/","article_modified_time":"2025-07-10T09:14:23+00:00","twitter_card":"summary_large_image","twitter_misc":{"Dur\u00e9e de lecture est.":"1 minute"},"schema":{"@context":"https:\/\/schema.org","@graph":[{"@type":"WebPage","@id":"https:\/\/www.novotelbernexpo.ch\/fr\/chambre\/chambre-superieure\/","url":"https:\/\/www.novotelbernexpo.ch\/fr\/chambre\/chambre-superieure\/","name":"CHAMBRE SUP\u00c9RIEURE - Novotel Bern Expo","isPartOf":{"@id":"https:\/\/www.novotelbernexpo.ch\/#website"},"datePublished":"2024-03-08T15:23:58+00:00","dateModified":"2025-07-10T09:14:23+00:00","description":"Chambres spacieuses avec lit double, canap\u00e9-lit, Wi-Fi gratuit, salle de bain, id\u00e9al pour 4 personnes au Novotel Bern Expo \u00e0 Berne.","breadcrumb":{"@id":"https:\/\/www.novotelbernexpo.ch\/fr\/chambre\/chambre-superieure\/#breadcrumb"},"inLanguage":"fr-FR","potentialAction":[{"@type":"ReadAction","target":["https:\/\/www.novotelbernexpo.ch\/fr\/chambre\/chambre-superieure\/"]}]},{"@type":"BreadcrumbList","@id":"https:\/\/www.novotelbernexpo.ch\/fr\/chambre\/chambre-superieure\/#breadcrumb","itemListElement":[{"@type":"ListItem","position":1,"name":"Accueil","item":"https:\/\/www.novotelbernexpo.ch\/fr\/"},{"@type":"ListItem","position":2,"name":"Chambre","item":"https:\/\/www.novotelbernexpo.ch\/fr\/chambre\/"},{"@type":"ListItem","position":3,"name":"CHAMBRE SUP\u00c9RIEURE"}]},{"@type":"WebSite","@id":"https:\/\/www.novotelbernexpo.ch\/#website","url":"https:\/\/www.novotelbernexpo.ch\/","name":"Novotel Bern Expo","description":"","potentialAction":[{"@type":"SearchAction","target":{"@type":"EntryPoint","urlTemplate":"https:\/\/www.novotelbernexpo.ch\/?s={search_term_string}"},"query-input":{"@type":"PropertyValueSpecification","valueRequired":true,"valueName":"search_term_string"}}],"inLanguage":"fr-FR"}]}},"_links":{"self":[{"href":"https:\/\/www.novotelbernexpo.ch\/fr\/wp-json\/wp\/v2\/pages\/539","targetHints":{"allow":["GET"]}}],"collection":[{"href":"https:\/\/www.novotelbernexpo.ch\/fr\/wp-json\/wp\/v2\/pages"}],"about":[{"href":"https:\/\/www.novotelbernexpo.ch\/fr\/wp-json\/wp\/v2\/types\/page"}],"author":[{"embeddable":true,"href":"https:\/\/www.novotelbernexpo.ch\/fr\/wp-json\/wp\/v2\/users\/118"}],"replies":[{"embeddable":true,"href":"https:\/\/www.novotelbernexpo.ch\/fr\/wp-json\/wp\/v2\/comments?post=539"}],"version-history":[{"count":0,"href":"https:\/\/www.novotelbernexpo.ch\/fr\/wp-json\/wp\/v2\/pages\/539\/revisions"}],"up":[{"embeddable":true,"href":"https:\/\/www.novotelbernexpo.ch\/fr\/wp-json\/wp\/v2\/pages\/533"}],"wp:attachment":[{"href":"https:\/\/www.novotelbernexpo.ch\/fr\/wp-json\/wp\/v2\/media?parent=539"}],"wp:term":[{"taxonomy":"category","embeddable":true,"href":"https:\/\/www.novotelbernexpo.ch\/fr\/wp-json\/wp\/v2\/categories?post=539"}],"curies":[{"name":"wp","href":"https:\/\/api.w.org\/{rel}","templated":true}]}}