{"id":564,"date":"2024-03-08T16:31:38","date_gmt":"2024-03-08T15:31:38","guid":{"rendered":"https:\/\/novotel-bern-expo.accorv2prod.decms.eu\/tubbo\/"},"modified":"2025-06-24T09:14:37","modified_gmt":"2025-06-24T07:14:37","slug":"tubbo","status":"publish","type":"page","link":"https:\/\/www.novotelbernexpo.ch\/fr\/tubbo\/","title":{"rendered":"Tubbo"},"content":{"rendered":"<p>Tubbo est une solution styl\u00e9e et \u00e9l\u00e9gante de couverture de terrasse, offrant une ambiance exceptionnelle o\u00f9 vous avez l\u2019impression d\u2019\u00eatre dans un autre monde tout en profitant de l\u2019ext\u00e9rieur, de jour comme de nuit.<\/p>\n<p data-start=\"412\" data-end=\"577\">Situ\u00e9 juste devant l\u2019h\u00f4tel, Tubbo attire tous les regards gr\u00e2ce \u00e0 son design moderne et ing\u00e9nieux, offrant une flexibilit\u00e9 totale pour personnaliser votre \u00e9v\u00e9nement. Que ce soit pour un s\u00e9minaire d\u2019entreprise, un \u00e9v\u00e9nement priv\u00e9 ou un d\u00eener chic entre amis, Tubbo s\u2019adapte \u00e0 toutes vos envies.<\/p>\n<p data-start=\"412\" data-end=\"577\">Besoin de mat\u00e9riel technique sp\u00e9cifique ou d\u2019une animation musicale avec un groupe? Notre r\u00e9seau de partenaires experts vous accompagne pour organiser un \u00e9v\u00e9nement sur mesure, incluant d\u00e9coration et mise en sc\u00e8ne.<\/p>\n<p data-start=\"412\" data-end=\"577\"><strong>R\u00e9servez d\u00e8s maintenant votre \u00e9v\u00e9nement au Tubbo et offrez \u00e0 vos invit\u00e9s une exp\u00e9rience inoubliable !<\/strong><\/p>\n","protected":false},"excerpt":{"rendered":"<p>Tubbo est une solution styl\u00e9e et \u00e9l\u00e9gante de couverture de terrasse, offrant une ambiance exceptionnelle o\u00f9 vous avez l\u2019impression d\u2019\u00eatre dans un autre monde tout en profitant de l\u2019ext\u00e9rieur, de jour comme de nuit. Situ\u00e9 juste devant l\u2019h\u00f4tel, Tubbo attire tous les regards gr\u00e2ce \u00e0 son design moderne et ing\u00e9nieux, offrant une flexibilit\u00e9 totale pour [&hellip;]<\/p>\n","protected":false},"author":118,"featured_media":0,"parent":0,"menu_order":50,"comment_status":"closed","ping_status":"closed","template":"template-special-offers.php","meta":{"footnotes":""},"categories":[],"class_list":["post-564","page","type-page","status-publish","hentry"],"acf":[],"yoast_head":"<!-- This site is optimized with the Yoast SEO plugin v26.9 - https:\/\/yoast.com\/product\/yoast-seo-wordpress\/ -->\n<title>Tubbo - Novotel Bern Expo<\/title>\n<meta name=\"description\" content=\"Tubbo, terrasse couverte \u00e9l\u00e9gante devant Novotel Bern Expo, id\u00e9ale pour s\u00e9minaires, \u00e9v\u00e9nements priv\u00e9s et d\u00eeners.\" \/>\n<meta name=\"robots\" content=\"index, follow, max-snippet:-1, max-image-preview:large, max-video-preview:-1\" \/>\n<link rel=\"canonical\" href=\"https:\/\/www.novotelbernexpo.ch\/fr\/tubbo\/\" \/>\n<meta property=\"og:locale\" content=\"fr_FR\" \/>\n<meta property=\"og:type\" content=\"article\" \/>\n<meta property=\"og:title\" content=\"Tubbo - Novotel Bern Expo\" \/>\n<meta property=\"og:description\" content=\"Tubbo, terrasse couverte \u00e9l\u00e9gante devant Novotel Bern Expo, id\u00e9ale pour s\u00e9minaires, \u00e9v\u00e9nements priv\u00e9s et d\u00eeners.\" \/>\n<meta property=\"og:url\" content=\"https:\/\/www.novotelbernexpo.ch\/fr\/tubbo\/\" \/>\n<meta property=\"og:site_name\" content=\"Novotel Bern Expo\" \/>\n<meta property=\"article:publisher\" content=\"https:\/\/www.facebook.com\/novotelbern\/\" \/>\n<meta property=\"article:modified_time\" content=\"2025-06-24T07:14:37+00:00\" \/>\n<meta name=\"twitter:card\" content=\"summary_large_image\" \/>\n<meta name=\"twitter:label1\" content=\"Dur\u00e9e de lecture est.\" \/>\n\t<meta name=\"twitter:data1\" content=\"1 minute\" \/>\n<script type=\"application\/ld+json\" class=\"yoast-schema-graph\">{\"@context\":\"https:\/\/schema.org\",\"@graph\":[{\"@type\":\"WebPage\",\"@id\":\"https:\/\/www.novotelbernexpo.ch\/fr\/tubbo\/\",\"url\":\"https:\/\/www.novotelbernexpo.ch\/fr\/tubbo\/\",\"name\":\"Tubbo - Novotel Bern Expo\",\"isPartOf\":{\"@id\":\"https:\/\/www.novotelbernexpo.ch\/#website\"},\"datePublished\":\"2024-03-08T15:31:38+00:00\",\"dateModified\":\"2025-06-24T07:14:37+00:00\",\"description\":\"Tubbo, terrasse couverte \u00e9l\u00e9gante devant Novotel Bern Expo, id\u00e9ale pour s\u00e9minaires, \u00e9v\u00e9nements priv\u00e9s et d\u00eeners.\",\"breadcrumb\":{\"@id\":\"https:\/\/www.novotelbernexpo.ch\/fr\/tubbo\/#breadcrumb\"},\"inLanguage\":\"fr-FR\",\"potentialAction\":[{\"@type\":\"ReadAction\",\"target\":[\"https:\/\/www.novotelbernexpo.ch\/fr\/tubbo\/\"]}]},{\"@type\":\"BreadcrumbList\",\"@id\":\"https:\/\/www.novotelbernexpo.ch\/fr\/tubbo\/#breadcrumb\",\"itemListElement\":[{\"@type\":\"ListItem\",\"position\":1,\"name\":\"Accueil\",\"item\":\"https:\/\/www.novotelbernexpo.ch\/fr\/\"},{\"@type\":\"ListItem\",\"position\":2,\"name\":\"Tubbo\"}]},{\"@type\":\"WebSite\",\"@id\":\"https:\/\/www.novotelbernexpo.ch\/#website\",\"url\":\"https:\/\/www.novotelbernexpo.ch\/\",\"name\":\"Novotel Bern Expo\",\"description\":\"\",\"potentialAction\":[{\"@type\":\"SearchAction\",\"target\":{\"@type\":\"EntryPoint\",\"urlTemplate\":\"https:\/\/www.novotelbernexpo.ch\/?s={search_term_string}\"},\"query-input\":{\"@type\":\"PropertyValueSpecification\",\"valueRequired\":true,\"valueName\":\"search_term_string\"}}],\"inLanguage\":\"fr-FR\"}]}<\/script>\n<!-- \/ Yoast SEO plugin. -->","yoast_head_json":{"title":"Tubbo - Novotel Bern Expo","description":"Tubbo, terrasse couverte \u00e9l\u00e9gante devant Novotel Bern Expo, id\u00e9ale pour s\u00e9minaires, \u00e9v\u00e9nements priv\u00e9s et d\u00eeners.","robots":{"index":"index","follow":"follow","max-snippet":"max-snippet:-1","max-image-preview":"max-image-preview:large","max-video-preview":"max-video-preview:-1"},"canonical":"https:\/\/www.novotelbernexpo.ch\/fr\/tubbo\/","og_locale":"fr_FR","og_type":"article","og_title":"Tubbo - Novotel Bern Expo","og_description":"Tubbo, terrasse couverte \u00e9l\u00e9gante devant Novotel Bern Expo, id\u00e9ale pour s\u00e9minaires, \u00e9v\u00e9nements priv\u00e9s et d\u00eeners.","og_url":"https:\/\/www.novotelbernexpo.ch\/fr\/tubbo\/","og_site_name":"Novotel Bern Expo","article_publisher":"https:\/\/www.facebook.com\/novotelbern\/","article_modified_time":"2025-06-24T07:14:37+00:00","twitter_card":"summary_large_image","twitter_misc":{"Dur\u00e9e de lecture est.":"1 minute"},"schema":{"@context":"https:\/\/schema.org","@graph":[{"@type":"WebPage","@id":"https:\/\/www.novotelbernexpo.ch\/fr\/tubbo\/","url":"https:\/\/www.novotelbernexpo.ch\/fr\/tubbo\/","name":"Tubbo - Novotel Bern Expo","isPartOf":{"@id":"https:\/\/www.novotelbernexpo.ch\/#website"},"datePublished":"2024-03-08T15:31:38+00:00","dateModified":"2025-06-24T07:14:37+00:00","description":"Tubbo, terrasse couverte \u00e9l\u00e9gante devant Novotel Bern Expo, id\u00e9ale pour s\u00e9minaires, \u00e9v\u00e9nements priv\u00e9s et d\u00eeners.","breadcrumb":{"@id":"https:\/\/www.novotelbernexpo.ch\/fr\/tubbo\/#breadcrumb"},"inLanguage":"fr-FR","potentialAction":[{"@type":"ReadAction","target":["https:\/\/www.novotelbernexpo.ch\/fr\/tubbo\/"]}]},{"@type":"BreadcrumbList","@id":"https:\/\/www.novotelbernexpo.ch\/fr\/tubbo\/#breadcrumb","itemListElement":[{"@type":"ListItem","position":1,"name":"Accueil","item":"https:\/\/www.novotelbernexpo.ch\/fr\/"},{"@type":"ListItem","position":2,"name":"Tubbo"}]},{"@type":"WebSite","@id":"https:\/\/www.novotelbernexpo.ch\/#website","url":"https:\/\/www.novotelbernexpo.ch\/","name":"Novotel Bern Expo","description":"","potentialAction":[{"@type":"SearchAction","target":{"@type":"EntryPoint","urlTemplate":"https:\/\/www.novotelbernexpo.ch\/?s={search_term_string}"},"query-input":{"@type":"PropertyValueSpecification","valueRequired":true,"valueName":"search_term_string"}}],"inLanguage":"fr-FR"}]}},"_links":{"self":[{"href":"https:\/\/www.novotelbernexpo.ch\/fr\/wp-json\/wp\/v2\/pages\/564","targetHints":{"allow":["GET"]}}],"collection":[{"href":"https:\/\/www.novotelbernexpo.ch\/fr\/wp-json\/wp\/v2\/pages"}],"about":[{"href":"https:\/\/www.novotelbernexpo.ch\/fr\/wp-json\/wp\/v2\/types\/page"}],"author":[{"embeddable":true,"href":"https:\/\/www.novotelbernexpo.ch\/fr\/wp-json\/wp\/v2\/users\/118"}],"replies":[{"embeddable":true,"href":"https:\/\/www.novotelbernexpo.ch\/fr\/wp-json\/wp\/v2\/comments?post=564"}],"version-history":[{"count":0,"href":"https:\/\/www.novotelbernexpo.ch\/fr\/wp-json\/wp\/v2\/pages\/564\/revisions"}],"wp:attachment":[{"href":"https:\/\/www.novotelbernexpo.ch\/fr\/wp-json\/wp\/v2\/media?parent=564"}],"wp:term":[{"taxonomy":"category","embeddable":true,"href":"https:\/\/www.novotelbernexpo.ch\/fr\/wp-json\/wp\/v2\/categories?post=564"}],"curies":[{"name":"wp","href":"https:\/\/api.w.org\/{rel}","templated":true}]}}